{"id":1015,"date":"2023-09-29T09:06:23","date_gmt":"2023-09-29T09:06:23","guid":{"rendered":"https:\/\/scoala.upb.ro\/?page_id=1015"},"modified":"2025-11-18T07:51:38","modified_gmt":"2025-11-18T07:51:38","slug":"inscrieri","status":"publish","type":"page","link":"https:\/\/scoala.upb.ro\/?page_id=1015","title":{"rendered":"\u00censcrieri"},"content":{"rendered":"\t\t<div data-elementor-type=\"wp-page\" data-elementor-id=\"1015\" class=\"elementor elementor-1015\">\n\t\t\t\t<div class=\"elementor-element elementor-element-f72bfea e-flex e-con-boxed e-con e-parent\" data-id=\"f72bfea\" data-element_type=\"container\">\n\t\t\t\t\t<div class=\"e-con-inner\">\n\t\t\t\t<div class=\"elementor-element elementor-element-9033dd1 elementor-widget elementor-widget-text-editor\" data-id=\"9033dd1\" data-element_type=\"widget\" data-widget_type=\"text-editor.default\">\n\t\t\t\t<div class=\"elementor-widget-container\">\n\t\t\t\t\t\t\t\t\t<p>Liceul POLITEHNICA, care cuprinde nivelurile antepre\u0219colar (autorizat), pre\u0219colar (acreditat), primar (acreditat), gimnazial (autorizat) \u0219i liceal (autorizat), a fost \u00eenfiin\u021bat ca program social de sprijin pentru membrii comunit\u0103\u021bii universitare \u0219i func\u021bioneaz\u0103 \u00een baza unui Regulament intern aprobat \u00een condi\u021biile legii.<\/p><p>\u00censcrierea copiilor la Liceul Politehnica se realizeaz\u0103 cu prioritate pentru copiii salaria\u021bilor universit\u0103\u021bii, conform procedurii interne aprobate \u00een acest sens.<\/p><p>\u00cen situa\u021bia \u00een care locurile alocate prin cifra de \u0219colarizare \u2013 stabilit\u0103 \u00een func\u021bie de capacitatea de \u0219colarizare determinat\u0103 de ARACIP, prin acreditare sau autorizare \u2013 nu sunt ocupate de copiii membrilor comunit\u0103\u021bii universitare, procedura intern\u0103 prevede posibilitatea de a primi \u0219i cereri externe.<\/p><p>Toate cererile sunt analizate \u00een ordinea cronologic\u0103 a depunerii \u0219i aprobate p\u00e2n\u0103 la ocuparea integral\u0103 a locurilor disponibile.<\/p><p>Invitarea copiilor \u0219i a p\u0103rin\u021bilor la interviurile de admitere se realizeaz\u0103 \u00een ordinea \u00eenscrierii pe listele de a\u0219teptare, av\u00e2nd prioritate copiii angaja\u021bilor universit\u0103\u021bii noastre.<\/p><p>\u00censcrierea copiilor \u00een \u0219coal\u0103 este condi\u021bionat\u0103 de capacitatea de adaptare \u0219i integrare a acestora la specificul institu\u021biei, precum \u0219i de cunoa\u0219terea \u0219i acceptarea valorilor morale \u0219i a regulilor stabilite \u00een regulamentele interne ale \u0219colii, aplicabile at\u00e2t copiilor, c\u00e2t \u0219i p\u0103rin\u021bilor.<\/p><p>Perioada de \u00eenscriere \u0219i re\u00eenscriere este stabilit\u0103 anual prin ordin al Ministrului Educa\u021biei\u00a0\u0219i\u00a0Cercet\u0103rii.<\/p>\t\t\t\t\t\t\t\t<\/div>\n\t\t\t\t<\/div>\n\t\t\t\t\t<\/div>\n\t\t\t\t<\/div>\n\t\t\t\t<\/div>\n\t\t","protected":false},"excerpt":{"rendered":"<p>Liceul POLITEHNICA, care cuprinde nivelurile antepre\u0219colar (autorizat), pre\u0219colar (acreditat), primar (acreditat), gimnazial (autorizat) \u0219i liceal (autorizat), a fost \u00eenfiin\u021bat ca program social de sprijin pentru membrii comunit\u0103\u021bii universitare \u0219i func\u021bioneaz\u0103 [&hellip;]<\/p>\n","protected":false},"author":2,"featured_media":0,"parent":0,"menu_order":0,"comment_status":"closed","ping_status":"closed","template":"","meta":{"inline_featured_image":false,"footnotes":""},"class_list":["post-1015","page","type-page","status-publish","hentry"],"_links":{"self":[{"href":"https:\/\/scoala.upb.ro\/index.php?rest_route=\/wp\/v2\/pages\/1015","targetHints":{"allow":["GET"]}}],"collection":[{"href":"https:\/\/scoala.upb.ro\/index.php?rest_route=\/wp\/v2\/pages"}],"about":[{"href":"https:\/\/scoala.upb.ro\/index.php?rest_route=\/wp\/v2\/types\/page"}],"author":[{"embeddable":true,"href":"https:\/\/scoala.upb.ro\/index.php?rest_route=\/wp\/v2\/users\/2"}],"replies":[{"embeddable":true,"href":"https:\/\/scoala.upb.ro\/index.php?rest_route=%2Fwp%2Fv2%2Fcomments&post=1015"}],"version-history":[{"count":7,"href":"https:\/\/scoala.upb.ro\/index.php?rest_route=\/wp\/v2\/pages\/1015\/revisions"}],"predecessor-version":[{"id":1344,"href":"https:\/\/scoala.upb.ro\/index.php?rest_route=\/wp\/v2\/pages\/1015\/revisions\/1344"}],"wp:attachment":[{"href":"https:\/\/scoala.upb.ro\/index.php?rest_route=%2Fwp%2Fv2%2Fmedia&parent=1015"}],"curies":[{"name":"wp","href":"https:\/\/api.w.org\/{rel}","templated":true}]}}