{"id":141,"date":"2019-09-09T04:35:27","date_gmt":"2019-09-09T04:35:27","guid":{"rendered":"https:\/\/smartdata.tonytemplates.com\/childit\/?page_id=141"},"modified":"2025-11-18T07:46:53","modified_gmt":"2025-11-18T07:46:53","slug":"home","status":"publish","type":"page","link":"https:\/\/scoala.upb.ro\/","title":{"rendered":"Home"},"content":{"rendered":"\t\t<div data-elementor-type=\"wp-page\" data-elementor-id=\"141\" class=\"elementor elementor-141\">\n\t\t\t\t\t\t<section class=\"elementor-section elementor-top-section elementor-element elementor-element-83fcc48 elementor-section-stretched elementor-section-full_width elementor-section-height-default elementor-section-height-default\" data-id=\"83fcc48\" data-element_type=\"section\" data-settings=\"{&quot;stretch_section&quot;:&quot;section-stretched&quot;}\">\n\t\t\t\t\t\t<div class=\"elementor-container elementor-column-gap-no\">\n\t\t\t\t\t<div class=\"elementor-column elementor-col-100 elementor-top-column elementor-element elementor-element-6928c69\" data-id=\"6928c69\" data-element_type=\"column\">\n\t\t\t<div class=\"elementor-widget-wrap elementor-element-populated\">\n\t\t\t\t\t\t<div class=\"elementor-element elementor-element-c95a364 elementor-widget elementor-widget-main-slider\" data-id=\"c95a364\" data-element_type=\"widget\" data-settings=\"{&quot;autoplay_speed&quot;:4000,&quot;speed&quot;:700}\" data-widget_type=\"main-slider.default\">\n\t\t\t\t<div class=\"elementor-widget-container\">\n\t\t\t\t\t        <!-- Begin main slier -->\r\n        <div class=\"main-slider-wrap white-dots\">\r\n            <div class=\"main-slider\" data-slick='{\"arrows\":false,\"dots\":true,\"autoplay\":true,\"autoplay_speed\":4000,\"fade\":true,\"speed\":700}'>\r\n                                        <div class=\"sl-card\">\r\n                            <div class=\"container\">\r\n                                <div class=\"row\">\r\n                                    <div class=\"col-12\">\r\n                                        \r\n                                            <div class=\"slide-content lazy\" data-src=\"https:\/\/scoala.upb.ro\/wp-content\/themes\/childit\/assets\/img\/main-slider-rect.svg\">\r\n                                                                                                    <img decoding=\"async\" src=\"https:\/\/scoala.upb.ro\/wp-content\/themes\/childit\/assets\/img\/lazy.png\" class=\"lazy\" data-src=\"https:\/\/scoala.upb.ro\/wp-content\/uploads\/2019\/09\/slider-ico.svg\" alt=\"img\">\r\n                                                                                                    <p class=\"content-text-cursive\"><\/p>\r\n                                                <p class=\"content-head\"><span>Liceul <br>POLITEHNICA<\/span><\/p>\r\n                                            <\/div>\r\n                                        <\/div>\r\n                                    <\/div>\r\n                                <\/div>\r\n                                <picture>\r\n                                    <source type=\"image\/jpeg\" srcset=\"https:\/\/scoala.upb.ro\/wp-content\/uploads\/2023\/10\/Scoala-upb.jpeg\">\r\n                                    <img decoding=\"async\" src=\"https:\/\/scoala.upb.ro\/wp-content\/uploads\/2023\/10\/Scoala-upb.jpeg\" class=\"slider-bg\" alt=\"\">\r\n                                <\/picture>\r\n                            <\/div>\r\n                                            <\/div>\r\n            <\/div>\r\n            <!-- End main slier -->\r\n            \t\t\t\t<\/div>\n\t\t\t\t<\/div>\n\t\t\t\t\t<\/div>\n\t\t<\/div>\n\t\t\t\t\t<\/div>\n\t\t<\/section>\n\t\t<div class=\"elementor-element elementor-element-76eedbf e-flex e-con-boxed e-con e-parent\" data-id=\"76eedbf\" data-element_type=\"container\">\n\t\t\t\t\t<div class=\"e-con-inner\">\n\t\t<div class=\"elementor-element elementor-element-e78c8e2 e-con-full e-flex e-con e-child\" data-id=\"e78c8e2\" data-element_type=\"container\">\n\t\t\t\t<div class=\"elementor-element elementor-element-49b21d8 elementor-widget elementor-widget-text-editor\" data-id=\"49b21d8\" data-element_type=\"widget\" data-widget_type=\"text-editor.default\">\n\t\t\t\t<div class=\"elementor-widget-container\">\n\t\t\t\t\t\t\t\t\t<p>\u201cToate institu\u021biile\u00a0 exista \u0219i \u00ee\u0219i desf\u0103\u0219oar\u0103 activitatea \u00een dou\u0103 perioade de timp, cea de azi \u0219i cea de maine. Viitorul\u00a0 se preg\u0103te\u0219te azi \u0219i este, de cele mai multe ori, irevocabil. De aceea managerii trebuie s\u0103 organizeze at\u00e2t prezentul \u2013 probleme fundamentale ale organiza\u021biei &#8211; c\u00e2t \u0219i viitorul. \u00cen vremuri de schimbare, managerii nu trebuie s\u0103-\u0219i \u00eenchipuie ca viitorul reprezint\u0103 o continuare a prezentului. Dimpotriv\u0103, ei trebuie s\u0103 se orienteze c\u0103tre schimbare, at\u00e2t ca oportunitate, c\u00e2t \u0219i ca amenin\u021bare.\u201d (Peter Drucker, \u201cManaging in Turbulent Times\u201d, 1980).<\/p>\t\t\t\t\t\t\t\t<\/div>\n\t\t\t\t<\/div>\n\t\t\t\t<\/div>\n\t\t<div class=\"elementor-element elementor-element-867ffe2 e-con-full e-flex e-con e-child\" data-id=\"867ffe2\" data-element_type=\"container\">\n\t\t\t\t<div class=\"elementor-element elementor-element-4e29dc9 elementor-widget elementor-widget-image\" data-id=\"4e29dc9\" data-element_type=\"widget\" data-widget_type=\"image.default\">\n\t\t\t\t<div class=\"elementor-widget-container\">\n\t\t\t\t\t\t\t\t\t\t\t\t\t\t\t<img decoding=\"async\" width=\"150\" height=\"112\" src=\"https:\/\/scoala.upb.ro\/wp-content\/uploads\/2019\/09\/testimonials5-1.svg\" class=\"attachment-thumbnail size-thumbnail wp-image-710\" alt=\"\" \/>\t\t\t\t\t\t\t\t\t\t\t\t\t\t\t<\/div>\n\t\t\t\t<\/div>\n\t\t\t\t<\/div>\n\t\t<div class=\"elementor-element elementor-element-d4bc354 e-con-full e-flex e-con e-child\" data-id=\"d4bc354\" data-element_type=\"container\">\n\t\t\t\t<div class=\"elementor-element elementor-element-5747e3b elementor-widget elementor-widget-image\" data-id=\"5747e3b\" data-element_type=\"widget\" data-widget_type=\"image.default\">\n\t\t\t\t<div class=\"elementor-widget-container\">\n\t\t\t\t\t\t\t\t\t\t\t\t\t\t\t<img decoding=\"async\" width=\"150\" height=\"118\" src=\"https:\/\/scoala.upb.ro\/wp-content\/uploads\/2019\/10\/testimonials4.svg\" class=\"attachment-thumbnail size-thumbnail wp-image-705\" alt=\"\" \/>\t\t\t\t\t\t\t\t\t\t\t\t\t\t\t<\/div>\n\t\t\t\t<\/div>\n\t\t\t\t<\/div>\n\t\t<div class=\"elementor-element elementor-element-5dd47fc e-con-full e-flex e-con e-child\" data-id=\"5dd47fc\" data-element_type=\"container\">\n\t\t\t\t<div class=\"elementor-element elementor-element-50bd853 elementor-widget elementor-widget-text-editor\" data-id=\"50bd853\" data-element_type=\"widget\" data-widget_type=\"text-editor.default\">\n\t\t\t\t<div class=\"elementor-widget-container\">\n\t\t\t\t\t\t\t\t\t<p>Liceul Politehnica este o continuare fireasc\u0103 a Gradinitei Politehnica. Dorim s\u0103 asigur\u0103m continuitate genera\u021biilor de pre\u0219colari \u0219i elevi, av\u00e2nd posibiltatea organiz\u0103rii intregului ciclu preuniversitar, at\u00e2t din punct de vedere al resurselor umane, spa\u021biilor, dot\u0103rilor, c\u00e2t \u0219i a tuturor celorlalte aspecte ce \u021bin de buna organizare \u0219i func\u021bionare a \u00eentregului proces educativ.<\/p>\t\t\t\t\t\t\t\t<\/div>\n\t\t\t\t<\/div>\n\t\t\t\t<\/div>\n\t\t\t\t\t<\/div>\n\t\t\t\t<\/div>\n\t\t\t\t<section class=\"elementor-section elementor-top-section elementor-element elementor-element-f6341a0 elementor-section-stretched elementor-section-full_width elementor-section-height-default elementor-section-height-default\" data-id=\"f6341a0\" data-element_type=\"section\" data-settings=\"{&quot;stretch_section&quot;:&quot;section-stretched&quot;}\">\n\t\t\t\t\t\t<div class=\"elementor-container elementor-column-gap-no\">\n\t\t\t\t\t<div class=\"elementor-column elementor-col-100 elementor-top-column elementor-element elementor-element-cbdc081\" data-id=\"cbdc081\" data-element_type=\"column\">\n\t\t\t<div class=\"elementor-widget-wrap elementor-element-populated\">\n\t\t\t\t\t\t<div class=\"elementor-element elementor-element-bb20e10 elementor-widget elementor-widget-programs\" data-id=\"bb20e10\" data-element_type=\"widget\" data-widget_type=\"programs.default\">\n\t\t\t\t<div class=\"elementor-widget-container\">\n\t\t\t\t\t<!-- Begin education-slier -->\r\n<section class=\"wave-block mb-xs-65 mb-md-60 mb-lg-120 pb-xs-130 pb-md-120 pb-lg-150 pt-xs-90 pt-md-120 pt-lg-180 lazy\"\r\n  data-src=\"https:\/\/scoala.upb.ro\/wp-content\/uploads\/2019\/09\/blue-wave.png\">\r\n  <div class=\"container\">\r\n    <div class=\"row\">\r\n      <div class=\"col-lg-12\">\r\n        <div class=\"section-header on-scroll\">\r\n          <p class=\"h-sub\">\r\n            Suntem dedica\u021bi educa\u021biei          <\/p>\r\n          <h2>Programele noastre educa\u021bionale          <\/h2>\r\n          <p class=\"programs-sectio-content-text\">\r\n            Programele noastre exclusive, combinate cu propriul nostru instrument digital de planificare a lec\u021biilor, le permit profesorilor s\u0103 creeze experien\u021be de \u00eenv\u0103\u021bare personalizate, adecvate fiec\u0103rei grupe de v\u00e2rst\u0103.          <\/p>\r\n        <\/div>\r\n        <div class=\"education-slier on-scroll fade-up\" data-slick='{\"arrows\":false,\"dots\":true,\"infinite\":true,\"adaptiveHeight\":true,\"slidesToShow\":3,\"slidesToScroll\":1,\"autoplaySpeed\":5000,\"autoplay\":true,\"responsive\":[{\"breakpoint\":1200,\"settings\":{\"slidesToShow\":2}},{\"breakpoint\":765,\"settings\":{\"slidesToShow\":1}}]}'>\r\n                    <div class=\"it-card\">\r\n            <div class=\"education-short color-1\">\r\n              <div class=\"education-top\">\r\n                                                <picture>\r\n                  <source type=\"image\/jpeg\" srcset=\"https:\/\/scoala.upb.ro\/wp-content\/uploads\/2019\/09\/toddler2.jpg\">\r\n                  <img decoding=\"async\" src=\"https:\/\/scoala.upb.ro\/wp-content\/uploads\/2019\/09\/toddler2.jpg\" alt=\"img\">\r\n                <\/picture>\r\n                                <div class=\"hide-block\">\r\n                  <div class=\"inner-wrap\">\r\n                                        <a href=\"\" class=\"read-more\"\r\n                      tabindex=\"-1\"> <svg xmlns=\"http:\/\/www.w3.org\/2000\/svg\"\r\n                        width=\"9\" height=\"9\" viewBox=\"0 0 9 9\" fill=\"none\">\r\n                        <path\r\n                          d=\"M0.505883 5.20577L0.491834 5.2027L6.51423 5.2027L4.62101 7.10009C4.5283 7.19272 4.47745 7.31821 4.47745 7.44992C4.47745 7.58162 4.5283 7.70623 4.62101 7.79909L4.91559 8.09382C5.00823 8.18645 5.13166 8.23767 5.2633 8.23767C5.39501 8.23767 5.51852 8.18682 5.61115 8.09418L8.85649 4.84913C8.94949 4.75613 9.00035 4.63226 8.99998 4.50048C9.00035 4.36796 8.94949 4.24401 8.85649 4.15116L5.61115 0.905818C5.51852 0.813257 5.39508 0.76233 5.2633 0.76233C5.13166 0.76233 5.00823 0.813331 4.91559 0.905818L4.62101 1.20055C4.5283 1.29304 4.47745 1.41655 4.47745 1.54826C4.47745 1.67989 4.5283 1.79689 4.62101 1.88945L6.53559 3.79745L0.499152 3.79745C0.227908 3.79745 -1.94412e-05 4.03123 -1.94175e-05 4.30233L-1.93811e-05 4.71918C-1.93574e-05 4.99028 0.23464 5.20577 0.505883 5.20577Z\">\r\n                        <\/path>\r\n                      <\/svg><\/a>\r\n                  <\/div>\r\n                <\/div>\r\n              <\/div>\r\n              <div class=\"education-bottom\">\r\n                <p>Antepre\u0219colar <span\r\n                    class=\"education-age\">0 - 3<\/span><span\r\n                    class=\"old\">Ani<\/span><\/p>\r\n              <\/div>\r\n              <!-- educational-1 -->\r\n            <\/div>\r\n          <\/div>\r\n                    <div class=\"it-card\">\r\n            <div class=\"education-short color-2\">\r\n              <div class=\"education-top\">\r\n                                                <picture>\r\n                  <source type=\"image\/jpeg\" srcset=\"https:\/\/scoala.upb.ro\/wp-content\/uploads\/2019\/09\/preschool1.jpg\">\r\n                  <img decoding=\"async\" src=\"https:\/\/scoala.upb.ro\/wp-content\/uploads\/2019\/09\/preschool1.jpg\" alt=\"img\">\r\n                <\/picture>\r\n                                <div class=\"hide-block\">\r\n                  <div class=\"inner-wrap\">\r\n                                        <a href=\"\" class=\"read-more\"\r\n                      tabindex=\"-1\"> <svg xmlns=\"http:\/\/www.w3.org\/2000\/svg\"\r\n                        width=\"9\" height=\"9\" viewBox=\"0 0 9 9\" fill=\"none\">\r\n                        <path\r\n                          d=\"M0.505883 5.20577L0.491834 5.2027L6.51423 5.2027L4.62101 7.10009C4.5283 7.19272 4.47745 7.31821 4.47745 7.44992C4.47745 7.58162 4.5283 7.70623 4.62101 7.79909L4.91559 8.09382C5.00823 8.18645 5.13166 8.23767 5.2633 8.23767C5.39501 8.23767 5.51852 8.18682 5.61115 8.09418L8.85649 4.84913C8.94949 4.75613 9.00035 4.63226 8.99998 4.50048C9.00035 4.36796 8.94949 4.24401 8.85649 4.15116L5.61115 0.905818C5.51852 0.813257 5.39508 0.76233 5.2633 0.76233C5.13166 0.76233 5.00823 0.813331 4.91559 0.905818L4.62101 1.20055C4.5283 1.29304 4.47745 1.41655 4.47745 1.54826C4.47745 1.67989 4.5283 1.79689 4.62101 1.88945L6.53559 3.79745L0.499152 3.79745C0.227908 3.79745 -1.94412e-05 4.03123 -1.94175e-05 4.30233L-1.93811e-05 4.71918C-1.93574e-05 4.99028 0.23464 5.20577 0.505883 5.20577Z\">\r\n                        <\/path>\r\n                      <\/svg><\/a>\r\n                  <\/div>\r\n                <\/div>\r\n              <\/div>\r\n              <div class=\"education-bottom\">\r\n                <p>Pre\u0219colar <span\r\n                    class=\"education-age\">3 - 6<\/span><span\r\n                    class=\"old\">Ani<\/span><\/p>\r\n              <\/div>\r\n              <!-- educational-1 -->\r\n            <\/div>\r\n          <\/div>\r\n                    <div class=\"it-card\">\r\n            <div class=\"education-short color-3\">\r\n              <div class=\"education-top\">\r\n                                                <picture>\r\n                  <source type=\"image\/jpeg\" srcset=\"https:\/\/scoala.upb.ro\/wp-content\/uploads\/2019\/10\/event-3.jpg\">\r\n                  <img decoding=\"async\" src=\"https:\/\/scoala.upb.ro\/wp-content\/uploads\/2019\/10\/event-3.jpg\" alt=\"img\">\r\n                <\/picture>\r\n                                <div class=\"hide-block\">\r\n                  <div class=\"inner-wrap\">\r\n                                        <a href=\"\" class=\"read-more\"\r\n                      tabindex=\"-1\"> <svg xmlns=\"http:\/\/www.w3.org\/2000\/svg\"\r\n                        width=\"9\" height=\"9\" viewBox=\"0 0 9 9\" fill=\"none\">\r\n                        <path\r\n                          d=\"M0.505883 5.20577L0.491834 5.2027L6.51423 5.2027L4.62101 7.10009C4.5283 7.19272 4.47745 7.31821 4.47745 7.44992C4.47745 7.58162 4.5283 7.70623 4.62101 7.79909L4.91559 8.09382C5.00823 8.18645 5.13166 8.23767 5.2633 8.23767C5.39501 8.23767 5.51852 8.18682 5.61115 8.09418L8.85649 4.84913C8.94949 4.75613 9.00035 4.63226 8.99998 4.50048C9.00035 4.36796 8.94949 4.24401 8.85649 4.15116L5.61115 0.905818C5.51852 0.813257 5.39508 0.76233 5.2633 0.76233C5.13166 0.76233 5.00823 0.813331 4.91559 0.905818L4.62101 1.20055C4.5283 1.29304 4.47745 1.41655 4.47745 1.54826C4.47745 1.67989 4.5283 1.79689 4.62101 1.88945L6.53559 3.79745L0.499152 3.79745C0.227908 3.79745 -1.94412e-05 4.03123 -1.94175e-05 4.30233L-1.93811e-05 4.71918C-1.93574e-05 4.99028 0.23464 5.20577 0.505883 5.20577Z\">\r\n                        <\/path>\r\n                      <\/svg><\/a>\r\n                  <\/div>\r\n                <\/div>\r\n              <\/div>\r\n              <div class=\"education-bottom\">\r\n                <p>Primar <span\r\n                    class=\"education-age\">6 - 11<\/span><span\r\n                    class=\"old\">Ani<\/span><\/p>\r\n              <\/div>\r\n              <!-- educational-1 -->\r\n            <\/div>\r\n          <\/div>\r\n                    <div class=\"it-card\">\r\n            <div class=\"education-short color-4\">\r\n              <div class=\"education-top\">\r\n                                                <picture>\r\n                  <source type=\"image\/jpeg\" srcset=\"https:\/\/scoala.upb.ro\/wp-content\/uploads\/2019\/09\/school.jpg\">\r\n                  <img decoding=\"async\" src=\"https:\/\/scoala.upb.ro\/wp-content\/uploads\/2019\/09\/school.jpg\" alt=\"img\">\r\n                <\/picture>\r\n                                <div class=\"hide-block\">\r\n                  <div class=\"inner-wrap\">\r\n                                        <a href=\"\" class=\"read-more\"\r\n                      tabindex=\"-1\"> <svg xmlns=\"http:\/\/www.w3.org\/2000\/svg\"\r\n                        width=\"9\" height=\"9\" viewBox=\"0 0 9 9\" fill=\"none\">\r\n                        <path\r\n                          d=\"M0.505883 5.20577L0.491834 5.2027L6.51423 5.2027L4.62101 7.10009C4.5283 7.19272 4.47745 7.31821 4.47745 7.44992C4.47745 7.58162 4.5283 7.70623 4.62101 7.79909L4.91559 8.09382C5.00823 8.18645 5.13166 8.23767 5.2633 8.23767C5.39501 8.23767 5.51852 8.18682 5.61115 8.09418L8.85649 4.84913C8.94949 4.75613 9.00035 4.63226 8.99998 4.50048C9.00035 4.36796 8.94949 4.24401 8.85649 4.15116L5.61115 0.905818C5.51852 0.813257 5.39508 0.76233 5.2633 0.76233C5.13166 0.76233 5.00823 0.813331 4.91559 0.905818L4.62101 1.20055C4.5283 1.29304 4.47745 1.41655 4.47745 1.54826C4.47745 1.67989 4.5283 1.79689 4.62101 1.88945L6.53559 3.79745L0.499152 3.79745C0.227908 3.79745 -1.94412e-05 4.03123 -1.94175e-05 4.30233L-1.93811e-05 4.71918C-1.93574e-05 4.99028 0.23464 5.20577 0.505883 5.20577Z\">\r\n                        <\/path>\r\n                      <\/svg><\/a>\r\n                  <\/div>\r\n                <\/div>\r\n              <\/div>\r\n              <div class=\"education-bottom\">\r\n                <p>Gimnazial <span\r\n                    class=\"education-age\">12 - 15<\/span><span\r\n                    class=\"old\">Ani<\/span><\/p>\r\n              <\/div>\r\n              <!-- educational-1 -->\r\n            <\/div>\r\n          <\/div>\r\n                    <div class=\"it-card\">\r\n            <div class=\"education-short color-5\">\r\n              <div class=\"education-top\">\r\n                                                <picture>\r\n                  <source type=\"image\/jpeg\" srcset=\"https:\/\/scoala.upb.ro\/wp-content\/uploads\/2019\/09\/school.jpg\">\r\n                  <img decoding=\"async\" src=\"https:\/\/scoala.upb.ro\/wp-content\/uploads\/2019\/09\/school.jpg\" alt=\"img\">\r\n                <\/picture>\r\n                                <div class=\"hide-block\">\r\n                  <div class=\"inner-wrap\">\r\n                                        <a href=\"\" class=\"read-more\"\r\n                      tabindex=\"-1\"> <svg xmlns=\"http:\/\/www.w3.org\/2000\/svg\"\r\n                        width=\"9\" height=\"9\" viewBox=\"0 0 9 9\" fill=\"none\">\r\n                        <path\r\n                          d=\"M0.505883 5.20577L0.491834 5.2027L6.51423 5.2027L4.62101 7.10009C4.5283 7.19272 4.47745 7.31821 4.47745 7.44992C4.47745 7.58162 4.5283 7.70623 4.62101 7.79909L4.91559 8.09382C5.00823 8.18645 5.13166 8.23767 5.2633 8.23767C5.39501 8.23767 5.51852 8.18682 5.61115 8.09418L8.85649 4.84913C8.94949 4.75613 9.00035 4.63226 8.99998 4.50048C9.00035 4.36796 8.94949 4.24401 8.85649 4.15116L5.61115 0.905818C5.51852 0.813257 5.39508 0.76233 5.2633 0.76233C5.13166 0.76233 5.00823 0.813331 4.91559 0.905818L4.62101 1.20055C4.5283 1.29304 4.47745 1.41655 4.47745 1.54826C4.47745 1.67989 4.5283 1.79689 4.62101 1.88945L6.53559 3.79745L0.499152 3.79745C0.227908 3.79745 -1.94412e-05 4.03123 -1.94175e-05 4.30233L-1.93811e-05 4.71918C-1.93574e-05 4.99028 0.23464 5.20577 0.505883 5.20577Z\">\r\n                        <\/path>\r\n                      <\/svg><\/a>\r\n                  <\/div>\r\n                <\/div>\r\n              <\/div>\r\n              <div class=\"education-bottom\">\r\n                <p>Liceal <span\r\n                    class=\"education-age\">15 - 18<\/span><span\r\n                    class=\"old\">Ani<\/span><\/p>\r\n              <\/div>\r\n              <!-- educational-1 -->\r\n            <\/div>\r\n          <\/div>\r\n                  <\/div>\r\n      <\/div>\r\n    <\/div>\r\n  <\/div>\r\n<\/section>\r\n<!-- End education-slier -->\r\n\t\t\t\t<\/div>\n\t\t\t\t<\/div>\n\t\t\t\t\t<\/div>\n\t\t<\/div>\n\t\t\t\t\t<\/div>\n\t\t<\/section>\n\t\t\t\t<section class=\"elementor-section elementor-top-section elementor-element elementor-element-7bbc479 elementor-section-stretched elementor-section-full_width elementor-section-height-default elementor-section-height-default\" data-id=\"7bbc479\" data-element_type=\"section\" data-settings=\"{&quot;stretch_section&quot;:&quot;section-stretched&quot;}\">\n\t\t\t\t\t\t<div class=\"elementor-container elementor-column-gap-no\">\n\t\t\t\t\t<div class=\"elementor-column elementor-col-100 elementor-top-column elementor-element elementor-element-ae5792c\" data-id=\"ae5792c\" data-element_type=\"column\">\n\t\t\t<div class=\"elementor-widget-wrap elementor-element-populated\">\n\t\t\t\t\t\t<div class=\"elementor-element elementor-element-9a4ec69 elementor-widget elementor-widget-gallery\" data-id=\"9a4ec69\" data-element_type=\"widget\" data-widget_type=\"gallery.default\">\n\t\t\t\t<div class=\"elementor-widget-container\">\n\t\t\t\t\t \t\t\t\t<\/div>\n\t\t\t\t<\/div>\n\t\t\t\t\t<\/div>\n\t\t<\/div>\n\t\t\t\t\t<\/div>\n\t\t<\/section>\n\t\t\t\t<\/div>\n\t\t","protected":false},"excerpt":{"rendered":"<p>Liceul POLITEHNICA \u201cToate institu\u021biile\u00a0 exista \u0219i \u00ee\u0219i desf\u0103\u0219oar\u0103 activitatea \u00een dou\u0103 perioade de timp, cea de azi \u0219i cea de maine. Viitorul\u00a0 se preg\u0103te\u0219te azi \u0219i este, de cele mai [&hellip;]<\/p>\n","protected":false},"author":3,"featured_media":0,"parent":0,"menu_order":0,"comment_status":"closed","ping_status":"closed","template":"","meta":{"inline_featured_image":false,"footnotes":""},"class_list":["post-141","page","type-page","status-publish","hentry"],"_links":{"self":[{"href":"https:\/\/scoala.upb.ro\/index.php?rest_route=\/wp\/v2\/pages\/141","targetHints":{"allow":["GET"]}}],"collection":[{"href":"https:\/\/scoala.upb.ro\/index.php?rest_route=\/wp\/v2\/pages"}],"about":[{"href":"https:\/\/scoala.upb.ro\/index.php?rest_route=\/wp\/v2\/types\/page"}],"author":[{"embeddable":true,"href":"https:\/\/scoala.upb.ro\/index.php?rest_route=\/wp\/v2\/users\/3"}],"replies":[{"embeddable":true,"href":"https:\/\/scoala.upb.ro\/index.php?rest_route=%2Fwp%2Fv2%2Fcomments&post=141"}],"version-history":[{"count":25,"href":"https:\/\/scoala.upb.ro\/index.php?rest_route=\/wp\/v2\/pages\/141\/revisions"}],"predecessor-version":[{"id":1338,"href":"https:\/\/scoala.upb.ro\/index.php?rest_route=\/wp\/v2\/pages\/141\/revisions\/1338"}],"wp:attachment":[{"href":"https:\/\/scoala.upb.ro\/index.php?rest_route=%2Fwp%2Fv2%2Fmedia&parent=141"}],"curies":[{"name":"wp","href":"https:\/\/api.w.org\/{rel}","templated":true}]}}